{"id":586,"date":"2021-11-11T15:13:25","date_gmt":"2021-11-11T15:13:25","guid":{"rendered":"http:\/\/www.avberkayakdag.com\/?page_id=586"},"modified":"2021-11-11T15:13:26","modified_gmt":"2021-11-11T15:13:26","slug":"cerez-politikasi","status":"publish","type":"page","link":"http:\/\/www.avberkayakdag.com\/?page_id=586","title":{"rendered":"\u00c7erez Politikas\u0131"},"content":{"rendered":"\n<p>Bu \u00c7erez Politikas\u0131 (k\u0131saca \u201c<strong>Politika\u201d <\/strong>olarak an\u0131lacakt\u0131r); Berkay Akda\u011f taraf\u0131ndan y\u00fcr\u00fct\u00fclen internet sitelerini kapsamakta olup, \u00e7erez kullan\u0131m\u0131na ili\u015fkin a\u00e7\u0131klamalar i\u00e7ermektedir. Sitemizi kullanarak \u00e7erezlerin i\u015fbu Politika\u2019da belirtilen \u015fekilde kullan\u0131lmalar\u0131n\u0131 onaylam\u0131\u015f olursunuz.<\/p>\n\n\n\n<h3 class=\"wp-block-heading\" id=\"h.sa7djgvwk20c\"><a href=\"https:\/\/www.koksalpartners.com\/Gizlilik\/cerezler#h.sa7djgvwk20c\"><\/a><strong>\u00c7erez nedir?<\/strong><\/h3>\n\n\n\n<p>\u00c7erezler, bir \u0130nternet sitesi ziyaret edildi\u011finde ziyaret\u00e7inin cihaz\u0131nda (\u00f6rne\u011fin bilgisayar veya telefon) depolanan ve isim-de\u011fer format\u0131nda veri bar\u0131nd\u0131rabilen k\u00fc\u00e7\u00fck metin dosyalar\u0131d\u0131r. S\u00f6z konusu metin dosyalar\u0131 bunlara eri\u015fim sa\u011flayabilen taray\u0131c\u0131 ve sunucular taraf\u0131ndan anlamland\u0131r\u0131labilmekte ve \u0130nternet sitesine ziyaretin ger\u00e7ekle\u015ftirildi\u011fi cihaz ve dolay\u0131s\u0131yla ilgili kullan\u0131c\u0131 hakk\u0131nda \u00e7e\u015fitli bilgiler elde edilebilmektedir. G\u00fcn\u00fcm\u00fczde neredeyse her sitede \u00e7erez kullan\u0131m\u0131 s\u00f6z konusudur.<\/p>\n\n\n\n<h3 class=\"wp-block-heading\" id=\"h.s4twydebbcmu\"><a href=\"https:\/\/www.koksalpartners.com\/Gizlilik\/cerezler#h.s4twydebbcmu\"><\/a><strong>\u00c7erezleri Kim, Nas\u0131l G\u00f6nderir?<\/strong><\/h3>\n\n\n\n<p>\u00c7erezler, Berkay Akda\u011f taraf\u0131ndan ve\/veya, *E\u011fer ziyaret edilen sayfada video veya foto\u011fraf gibi baz\u0131 i\u00e7erikleri sa\u011flamakta ise, \u00fc\u00e7\u00fcnc\u00fc ki\u015filer taraf\u0131ndan ve gezintiniz s\u0131ras\u0131nda cihaz\u0131n\u0131zda bulunan taray\u0131c\u0131 (Google Chrome, Safari vb. gibi) ile yukar\u0131da ifade edilen kurulu\u015fun sunucular\u0131 aras\u0131nda kurulan ileti\u015fim vas\u0131tas\u0131yla g\u00f6nderilmektedir.<\/p>\n\n\n\n<h3 class=\"wp-block-heading\" id=\"h.7fcb4kesr1y3\"><a href=\"https:\/\/www.koksalpartners.com\/Gizlilik\/cerezler#h.7fcb4kesr1y3\"><\/a><strong>\u00c7erezler Ne Ama\u00e7la Kullan\u0131lmaktad\u0131r?<\/strong><\/h3>\n\n\n\n<p>\u00c7erezler bir\u00e7ok farkl\u0131 hedef i\u00e7in kullan\u0131lmaktad\u0131r. \u00d6rnek vermek gerekirse, \u00e7erezlere daha \u00e7ok a\u015fa\u011f\u0131da belirtilen ama\u00e7larla ba\u015fvurulmaktad\u0131r: *\u0130nternet sitesinin d\u00fczg\u00fcn bir \u015fekilde \u00e7al\u0131\u015fmas\u0131 (\u00d6rne\u011fin sitenin i\u00e7erisindeki metin, foto\u011fraf, ba\u011flant\u0131 gibi i\u00e7eriklerin ilgili yerlerde bulunmas\u0131) *Ziyaret\u00e7iler i\u00e7in daha ki\u015fiselle\u015ftirilmi\u015f ve daha ilgi \u00e7ekici bir deneyim sunulabilmesi (\u00d6rne\u011fin tercihlerinize \u00f6zel hizmetlerin sunulmas\u0131) *\u0130nternet sitesinin geli\u015ftirilerek optimize edilmesi (\u00d6rne\u011fin hata bulunan veya tercih edilmeyen sayfalar\u0131n i\u015fler hale getirilmesi) ve *Ziyaret\u00e7ilerin tercihlerinin hat\u0131rlanmas\u0131 (\u00d6rne\u011fin, \u0130nternet sitemize giri\u015f yaparken girdi\u011finiz bilgiler, dil ve di\u011fer tercihler)<\/p>\n\n\n\n<h3 class=\"wp-block-heading\" id=\"h.si5isj2aafy6\"><a href=\"https:\/\/www.koksalpartners.com\/Gizlilik\/cerezler#h.si5isj2aafy6\"><\/a><strong>\u00c7erezlerle \u0130lgili Daha Detayl\u0131 Bilgiye Nereden Ula\u015fabilirim?<\/strong><\/h3>\n\n\n\n<p>\u00c7erez metinlerinin i\u00e7eri\u011fi \u00e7o\u011fu zaman yaln\u0131zca m\u00fchendislerin i\u015fleyebilece\u011fi nitelikte olup \u00e7erezler ile ilgili daha detayl\u0131 ve anla\u015f\u0131labilir bir dil \u00fczerinden bilgi almak isteyen ziyaret\u00e7ilerimizin <a href=\"http:\/\/www.google.com\/url?q=http%3A%2F%2Fwww.allaboutcookies.org%2F&amp;sa=D&amp;sntz=1&amp;usg=AFQjCNG6Kq_2OlsHGdCE3CC2dOVinle_sQ\" target=\"_blank\" rel=\"noreferrer noopener\">www.allaboutcookies.org<\/a> veya <a href=\"http:\/\/www.google.com\/url?q=http%3A%2F%2Fwww.aboutcookies.org%2F&amp;sa=D&amp;sntz=1&amp;usg=AFQjCNG74H_El7JvcB4407kP50CgOyErfA\" target=\"_blank\" rel=\"noreferrer noopener\">www.aboutcookies.org<\/a> (\u0130ngilizce) adreslerini ziyaret etmeleri \u00f6nerilir.<\/p>\n","protected":false},"excerpt":{"rendered":"<p>Bu \u00c7erez Politikas\u0131 (k\u0131saca \u201cPolitika\u201d olarak an\u0131lacakt\u0131r); Berkay Akda\u011f taraf\u0131ndan y\u00fcr\u00fct\u00fclen internet sitelerini kapsamakta olup, \u00e7erez kullan\u0131m\u0131na ili\u015fkin a\u00e7\u0131klamalar i\u00e7ermektedir. Sitemizi kullanarak \u00e7erezlerin i\u015fbu Politika\u2019da belirtilen \u015fekilde kullan\u0131lmalar\u0131n\u0131 onaylam\u0131\u015f olursunuz. \u00c7erez nedir? \u00c7erezler, bir \u0130nternet sitesi ziyaret edildi\u011finde ziyaret\u00e7inin cihaz\u0131nda &hellip; <\/p>\n","protected":false},"author":1,"featured_media":0,"parent":0,"menu_order":0,"comment_status":"closed","ping_status":"closed","template":"","meta":{"om_disable_all_campaigns":false,"_sitemap_exclude":false,"_sitemap_priority":"","_sitemap_frequency":"","footnotes":""},"class_list":["post-586","page","type-page","status-publish","hentry"],"aioseo_notices":[],"yoast_head":"<!-- This site is optimized with the Yoast SEO plugin v21.6 - https:\/\/yoast.com\/wordpress\/plugins\/seo\/ -->\n<title>\u00c7erez Politikas\u0131 - AVUKAT BERKAY AKDA\u011e<\/title>\n<meta name=\"robots\" content=\"index, follow, max-snippet:-1, max-image-preview:large, max-video-preview:-1\" \/>\n<link rel=\"canonical\" href=\"http:\/\/www.avberkayakdag.com\/?page_id=586\" \/>\n<meta property=\"og:locale\" content=\"tr_TR\" \/>\n<meta property=\"og:type\" content=\"article\" \/>\n<meta property=\"og:title\" content=\"\u00c7erez Politikas\u0131 - AVUKAT BERKAY AKDA\u011e\" \/>\n<meta property=\"og:description\" content=\"Bu \u00c7erez Politikas\u0131 (k\u0131saca \u201cPolitika\u201d olarak an\u0131lacakt\u0131r); Berkay Akda\u011f taraf\u0131ndan y\u00fcr\u00fct\u00fclen internet sitelerini kapsamakta olup, \u00e7erez kullan\u0131m\u0131na ili\u015fkin a\u00e7\u0131klamalar i\u00e7ermektedir. Sitemizi kullanarak \u00e7erezlerin i\u015fbu Politika\u2019da belirtilen \u015fekilde kullan\u0131lmalar\u0131n\u0131 onaylam\u0131\u015f olursunuz. \u00c7erez nedir? \u00c7erezler, bir \u0130nternet sitesi ziyaret edildi\u011finde ziyaret\u00e7inin cihaz\u0131nda &hellip;\" \/>\n<meta property=\"og:url\" content=\"http:\/\/www.avberkayakdag.com\/?page_id=586\" \/>\n<meta property=\"og:site_name\" content=\"AVUKAT BERKAY AKDA\u011e\" \/>\n<meta property=\"article:modified_time\" content=\"2021-11-11T15:13:26+00:00\" \/>\n<meta name=\"twitter:card\" content=\"summary_large_image\" \/>\n<meta name=\"twitter:label1\" content=\"Tahmini okuma s\u00fcresi\" \/>\n\t<meta name=\"twitter:data1\" content=\"2 dakika\" \/>\n<script type=\"application\/ld+json\" class=\"yoast-schema-graph\">{\"@context\":\"https:\/\/schema.org\",\"@graph\":[{\"@type\":\"WebPage\",\"@id\":\"http:\/\/www.avberkayakdag.com\/?page_id=586\",\"url\":\"http:\/\/www.avberkayakdag.com\/?page_id=586\",\"name\":\"\u00c7erez Politikas\u0131 - AVUKAT BERKAY AKDA\u011e\",\"isPartOf\":{\"@id\":\"http:\/\/www.avberkayakdag.com\/#website\"},\"datePublished\":\"2021-11-11T15:13:25+00:00\",\"dateModified\":\"2021-11-11T15:13:26+00:00\",\"breadcrumb\":{\"@id\":\"http:\/\/www.avberkayakdag.com\/?page_id=586#breadcrumb\"},\"inLanguage\":\"tr\",\"potentialAction\":[{\"@type\":\"ReadAction\",\"target\":[\"http:\/\/www.avberkayakdag.com\/?page_id=586\"]}]},{\"@type\":\"BreadcrumbList\",\"@id\":\"http:\/\/www.avberkayakdag.com\/?page_id=586#breadcrumb\",\"itemListElement\":[{\"@type\":\"ListItem\",\"position\":1,\"name\":\"Anasayfa\",\"item\":\"http:\/\/www.avberkayakdag.com\/\"},{\"@type\":\"ListItem\",\"position\":2,\"name\":\"\u00c7erez Politikas\u0131\"}]},{\"@type\":\"WebSite\",\"@id\":\"http:\/\/www.avberkayakdag.com\/#website\",\"url\":\"http:\/\/www.avberkayakdag.com\/\",\"name\":\"AV. BERKAY AKDA\u011e\",\"description\":\"Hukuk Blogu\",\"publisher\":{\"@id\":\"http:\/\/www.avberkayakdag.com\/#\/schema\/person\/e791060ac64a3d64847d72cda5fdb3c3\"},\"potentialAction\":[{\"@type\":\"SearchAction\",\"target\":{\"@type\":\"EntryPoint\",\"urlTemplate\":\"http:\/\/www.avberkayakdag.com\/?s={search_term_string}\"},\"query-input\":\"required name=search_term_string\"}],\"inLanguage\":\"tr\"},{\"@type\":[\"Person\",\"Organization\"],\"@id\":\"http:\/\/www.avberkayakdag.com\/#\/schema\/person\/e791060ac64a3d64847d72cda5fdb3c3\",\"name\":\"AV.BERKAY AKDA\u011e\",\"image\":{\"@type\":\"ImageObject\",\"inLanguage\":\"tr\",\"@id\":\"http:\/\/www.avberkayakdag.com\/#\/schema\/person\/image\/\",\"url\":\"https:\/\/secure.gravatar.com\/avatar\/688e21c4876849871696ec06992af7bba38ba6d0e631e66525100c33195e81c2?s=96&d=mm&r=g\",\"contentUrl\":\"https:\/\/secure.gravatar.com\/avatar\/688e21c4876849871696ec06992af7bba38ba6d0e631e66525100c33195e81c2?s=96&d=mm&r=g\",\"caption\":\"AV.BERKAY AKDA\u011e\"},\"logo\":{\"@id\":\"http:\/\/www.avberkayakdag.com\/#\/schema\/person\/image\/\"},\"sameAs\":[\"http:\/\/www.avberkayakdag.com\"]}]}<\/script>\n<!-- \/ Yoast SEO plugin. -->","yoast_head_json":{"title":"\u00c7erez Politikas\u0131 - AVUKAT BERKAY AKDA\u011e","robots":{"index":"index","follow":"follow","max-snippet":"max-snippet:-1","max-image-preview":"max-image-preview:large","max-video-preview":"max-video-preview:-1"},"canonical":"http:\/\/www.avberkayakdag.com\/?page_id=586","og_locale":"tr_TR","og_type":"article","og_title":"\u00c7erez Politikas\u0131 - AVUKAT BERKAY AKDA\u011e","og_description":"Bu \u00c7erez Politikas\u0131 (k\u0131saca \u201cPolitika\u201d olarak an\u0131lacakt\u0131r); Berkay Akda\u011f taraf\u0131ndan y\u00fcr\u00fct\u00fclen internet sitelerini kapsamakta olup, \u00e7erez kullan\u0131m\u0131na ili\u015fkin a\u00e7\u0131klamalar i\u00e7ermektedir. Sitemizi kullanarak \u00e7erezlerin i\u015fbu Politika\u2019da belirtilen \u015fekilde kullan\u0131lmalar\u0131n\u0131 onaylam\u0131\u015f olursunuz. \u00c7erez nedir? \u00c7erezler, bir \u0130nternet sitesi ziyaret edildi\u011finde ziyaret\u00e7inin cihaz\u0131nda &hellip;","og_url":"http:\/\/www.avberkayakdag.com\/?page_id=586","og_site_name":"AVUKAT BERKAY AKDA\u011e","article_modified_time":"2021-11-11T15:13:26+00:00","twitter_card":"summary_large_image","twitter_misc":{"Tahmini okuma s\u00fcresi":"2 dakika"},"schema":{"@context":"https:\/\/schema.org","@graph":[{"@type":"WebPage","@id":"http:\/\/www.avberkayakdag.com\/?page_id=586","url":"http:\/\/www.avberkayakdag.com\/?page_id=586","name":"\u00c7erez Politikas\u0131 - AVUKAT BERKAY AKDA\u011e","isPartOf":{"@id":"http:\/\/www.avberkayakdag.com\/#website"},"datePublished":"2021-11-11T15:13:25+00:00","dateModified":"2021-11-11T15:13:26+00:00","breadcrumb":{"@id":"http:\/\/www.avberkayakdag.com\/?page_id=586#breadcrumb"},"inLanguage":"tr","potentialAction":[{"@type":"ReadAction","target":["http:\/\/www.avberkayakdag.com\/?page_id=586"]}]},{"@type":"BreadcrumbList","@id":"http:\/\/www.avberkayakdag.com\/?page_id=586#breadcrumb","itemListElement":[{"@type":"ListItem","position":1,"name":"Anasayfa","item":"http:\/\/www.avberkayakdag.com\/"},{"@type":"ListItem","position":2,"name":"\u00c7erez Politikas\u0131"}]},{"@type":"WebSite","@id":"http:\/\/www.avberkayakdag.com\/#website","url":"http:\/\/www.avberkayakdag.com\/","name":"AV. BERKAY AKDA\u011e","description":"Hukuk Blogu","publisher":{"@id":"http:\/\/www.avberkayakdag.com\/#\/schema\/person\/e791060ac64a3d64847d72cda5fdb3c3"},"potentialAction":[{"@type":"SearchAction","target":{"@type":"EntryPoint","urlTemplate":"http:\/\/www.avberkayakdag.com\/?s={search_term_string}"},"query-input":"required name=search_term_string"}],"inLanguage":"tr"},{"@type":["Person","Organization"],"@id":"http:\/\/www.avberkayakdag.com\/#\/schema\/person\/e791060ac64a3d64847d72cda5fdb3c3","name":"AV.BERKAY AKDA\u011e","image":{"@type":"ImageObject","inLanguage":"tr","@id":"http:\/\/www.avberkayakdag.com\/#\/schema\/person\/image\/","url":"https:\/\/secure.gravatar.com\/avatar\/688e21c4876849871696ec06992af7bba38ba6d0e631e66525100c33195e81c2?s=96&d=mm&r=g","contentUrl":"https:\/\/secure.gravatar.com\/avatar\/688e21c4876849871696ec06992af7bba38ba6d0e631e66525100c33195e81c2?s=96&d=mm&r=g","caption":"AV.BERKAY AKDA\u011e"},"logo":{"@id":"http:\/\/www.avberkayakdag.com\/#\/schema\/person\/image\/"},"sameAs":["http:\/\/www.avberkayakdag.com"]}]}},"_links":{"self":[{"href":"http:\/\/www.avberkayakdag.com\/index.php?rest_route=\/wp\/v2\/pages\/586","targetHints":{"allow":["GET"]}}],"collection":[{"href":"http:\/\/www.avberkayakdag.com\/index.php?rest_route=\/wp\/v2\/pages"}],"about":[{"href":"http:\/\/www.avberkayakdag.com\/index.php?rest_route=\/wp\/v2\/types\/page"}],"author":[{"embeddable":true,"href":"http:\/\/www.avberkayakdag.com\/index.php?rest_route=\/wp\/v2\/users\/1"}],"replies":[{"embeddable":true,"href":"http:\/\/www.avberkayakdag.com\/index.php?rest_route=%2Fwp%2Fv2%2Fcomments&post=586"}],"version-history":[{"count":1,"href":"http:\/\/www.avberkayakdag.com\/index.php?rest_route=\/wp\/v2\/pages\/586\/revisions"}],"predecessor-version":[{"id":587,"href":"http:\/\/www.avberkayakdag.com\/index.php?rest_route=\/wp\/v2\/pages\/586\/revisions\/587"}],"wp:attachment":[{"href":"http:\/\/www.avberkayakdag.com\/index.php?rest_route=%2Fwp%2Fv2%2Fmedia&parent=586"}],"curies":[{"name":"wp","href":"https:\/\/api.w.org\/{rel}","templated":true}]}}