{"id":319,"date":"2021-09-29T13:14:04","date_gmt":"2021-09-29T13:14:04","guid":{"rendered":"http:\/\/www.avberkayakdag.com\/?page_id=319"},"modified":"2026-01-12T18:47:34","modified_gmt":"2026-01-12T18:47:34","slug":"hakkimizda","status":"publish","type":"page","link":"http:\/\/www.avberkayakdag.com\/?page_id=319","title":{"rendered":"Hakk\u0131m\u0131zda"},"content":{"rendered":"\n<p><strong>Avukat Berkay Akda\u011f;<\/strong> \u0130stanbul do\u011fumludur. Marmara \u00dcniversitesi Hukuk Fak\u00fcltesi\u2019nden 2020 y\u0131l\u0131nda 5. olarak mezun olmu\u015ftur. Mezuniyetinin ard\u0131ndan \u0130stanbul&#8217;un \u00e7e\u015fitli hukuk b\u00fcrolar\u0131nda avukatl\u0131k staj\u0131n\u0131 tamamlam\u0131\u015f ve avukatl\u0131k ruhsat\u0131n\u0131 alm\u0131\u015ft\u0131r. Hali haz\u0131rda aktif olarak avukatl\u0131k yapmaktad\u0131r.  S\u00f6z konusu web sitesi de ki\u015fisel blog olarak kullan\u0131lmaktad\u0131r.<\/p>\n\n\n\n<p><\/p>\n","protected":false},"excerpt":{"rendered":"<p>Avukat Berkay Akda\u011f; \u0130stanbul do\u011fumludur. Marmara \u00dcniversitesi Hukuk Fak\u00fcltesi\u2019nden 2020 y\u0131l\u0131nda 5. olarak mezun olmu\u015ftur. Mezuniyetinin ard\u0131ndan \u0130stanbul&#8217;un \u00e7e\u015fitli hukuk b\u00fcrolar\u0131nda avukatl\u0131k staj\u0131n\u0131 tamamlam\u0131\u015f ve avukatl\u0131k ruhsat\u0131n\u0131 alm\u0131\u015ft\u0131r. Hali haz\u0131rda aktif olarak avukatl\u0131k yapmaktad\u0131r. S\u00f6z konusu web sitesi de ki\u015fisel &hellip; <\/p>\n","protected":false},"author":1,"featured_media":0,"parent":0,"menu_order":0,"comment_status":"closed","ping_status":"closed","template":"","meta":{"om_disable_all_campaigns":false,"_sitemap_exclude":false,"_sitemap_priority":"","_sitemap_frequency":"","footnotes":""},"class_list":["post-319","page","type-page","status-publish","hentry"],"aioseo_notices":[],"yoast_head":"<!-- This site is optimized with the Yoast SEO plugin v21.6 - https:\/\/yoast.com\/wordpress\/plugins\/seo\/ -->\n<title>Hakk\u0131m\u0131zda - AVUKAT BERKAY AKDA\u011e<\/title>\n<meta name=\"robots\" content=\"index, follow, max-snippet:-1, max-image-preview:large, max-video-preview:-1\" \/>\n<link rel=\"canonical\" href=\"http:\/\/www.avberkayakdag.com\/?page_id=319\" \/>\n<meta property=\"og:locale\" content=\"tr_TR\" \/>\n<meta property=\"og:type\" content=\"article\" \/>\n<meta property=\"og:title\" content=\"Hakk\u0131m\u0131zda - AVUKAT BERKAY AKDA\u011e\" \/>\n<meta property=\"og:description\" content=\"Avukat Berkay Akda\u011f; \u0130stanbul do\u011fumludur. Marmara \u00dcniversitesi Hukuk Fak\u00fcltesi\u2019nden 2020 y\u0131l\u0131nda 5. olarak mezun olmu\u015ftur. Mezuniyetinin ard\u0131ndan \u0130stanbul&#8217;un \u00e7e\u015fitli hukuk b\u00fcrolar\u0131nda avukatl\u0131k staj\u0131n\u0131 tamamlam\u0131\u015f ve avukatl\u0131k ruhsat\u0131n\u0131 alm\u0131\u015ft\u0131r. Hali haz\u0131rda aktif olarak avukatl\u0131k yapmaktad\u0131r. S\u00f6z konusu web sitesi de ki\u015fisel &hellip;\" \/>\n<meta property=\"og:url\" content=\"http:\/\/www.avberkayakdag.com\/?page_id=319\" \/>\n<meta property=\"og:site_name\" content=\"AVUKAT BERKAY AKDA\u011e\" \/>\n<meta property=\"article:modified_time\" content=\"2026-01-12T18:47:34+00:00\" \/>\n<meta name=\"twitter:card\" content=\"summary_large_image\" \/>\n<meta name=\"twitter:label1\" content=\"Tahmini okuma s\u00fcresi\" \/>\n\t<meta name=\"twitter:data1\" content=\"1 dakika\" \/>\n<script type=\"application\/ld+json\" class=\"yoast-schema-graph\">{\"@context\":\"https:\/\/schema.org\",\"@graph\":[{\"@type\":\"WebPage\",\"@id\":\"http:\/\/www.avberkayakdag.com\/?page_id=319\",\"url\":\"http:\/\/www.avberkayakdag.com\/?page_id=319\",\"name\":\"Hakk\u0131m\u0131zda - AVUKAT BERKAY AKDA\u011e\",\"isPartOf\":{\"@id\":\"http:\/\/www.avberkayakdag.com\/#website\"},\"datePublished\":\"2021-09-29T13:14:04+00:00\",\"dateModified\":\"2026-01-12T18:47:34+00:00\",\"breadcrumb\":{\"@id\":\"http:\/\/www.avberkayakdag.com\/?page_id=319#breadcrumb\"},\"inLanguage\":\"tr\",\"potentialAction\":[{\"@type\":\"ReadAction\",\"target\":[\"http:\/\/www.avberkayakdag.com\/?page_id=319\"]}]},{\"@type\":\"BreadcrumbList\",\"@id\":\"http:\/\/www.avberkayakdag.com\/?page_id=319#breadcrumb\",\"itemListElement\":[{\"@type\":\"ListItem\",\"position\":1,\"name\":\"Anasayfa\",\"item\":\"http:\/\/www.avberkayakdag.com\/\"},{\"@type\":\"ListItem\",\"position\":2,\"name\":\"Hakk\u0131m\u0131zda\"}]},{\"@type\":\"WebSite\",\"@id\":\"http:\/\/www.avberkayakdag.com\/#website\",\"url\":\"http:\/\/www.avberkayakdag.com\/\",\"name\":\"AV. BERKAY AKDA\u011e\",\"description\":\"Hukuk Blogu\",\"publisher\":{\"@id\":\"http:\/\/www.avberkayakdag.com\/#\/schema\/person\/e791060ac64a3d64847d72cda5fdb3c3\"},\"potentialAction\":[{\"@type\":\"SearchAction\",\"target\":{\"@type\":\"EntryPoint\",\"urlTemplate\":\"http:\/\/www.avberkayakdag.com\/?s={search_term_string}\"},\"query-input\":\"required name=search_term_string\"}],\"inLanguage\":\"tr\"},{\"@type\":[\"Person\",\"Organization\"],\"@id\":\"http:\/\/www.avberkayakdag.com\/#\/schema\/person\/e791060ac64a3d64847d72cda5fdb3c3\",\"name\":\"AV.BERKAY AKDA\u011e\",\"image\":{\"@type\":\"ImageObject\",\"inLanguage\":\"tr\",\"@id\":\"http:\/\/www.avberkayakdag.com\/#\/schema\/person\/image\/\",\"url\":\"https:\/\/secure.gravatar.com\/avatar\/688e21c4876849871696ec06992af7bba38ba6d0e631e66525100c33195e81c2?s=96&d=mm&r=g\",\"contentUrl\":\"https:\/\/secure.gravatar.com\/avatar\/688e21c4876849871696ec06992af7bba38ba6d0e631e66525100c33195e81c2?s=96&d=mm&r=g\",\"caption\":\"AV.BERKAY AKDA\u011e\"},\"logo\":{\"@id\":\"http:\/\/www.avberkayakdag.com\/#\/schema\/person\/image\/\"},\"sameAs\":[\"http:\/\/www.avberkayakdag.com\"]}]}<\/script>\n<!-- \/ Yoast SEO plugin. -->","yoast_head_json":{"title":"Hakk\u0131m\u0131zda - AVUKAT BERKAY AKDA\u011e","robots":{"index":"index","follow":"follow","max-snippet":"max-snippet:-1","max-image-preview":"max-image-preview:large","max-video-preview":"max-video-preview:-1"},"canonical":"http:\/\/www.avberkayakdag.com\/?page_id=319","og_locale":"tr_TR","og_type":"article","og_title":"Hakk\u0131m\u0131zda - AVUKAT BERKAY AKDA\u011e","og_description":"Avukat Berkay Akda\u011f; \u0130stanbul do\u011fumludur. Marmara \u00dcniversitesi Hukuk Fak\u00fcltesi\u2019nden 2020 y\u0131l\u0131nda 5. olarak mezun olmu\u015ftur. Mezuniyetinin ard\u0131ndan \u0130stanbul&#8217;un \u00e7e\u015fitli hukuk b\u00fcrolar\u0131nda avukatl\u0131k staj\u0131n\u0131 tamamlam\u0131\u015f ve avukatl\u0131k ruhsat\u0131n\u0131 alm\u0131\u015ft\u0131r. Hali haz\u0131rda aktif olarak avukatl\u0131k yapmaktad\u0131r. S\u00f6z konusu web sitesi de ki\u015fisel &hellip;","og_url":"http:\/\/www.avberkayakdag.com\/?page_id=319","og_site_name":"AVUKAT BERKAY AKDA\u011e","article_modified_time":"2026-01-12T18:47:34+00:00","twitter_card":"summary_large_image","twitter_misc":{"Tahmini okuma s\u00fcresi":"1 dakika"},"schema":{"@context":"https:\/\/schema.org","@graph":[{"@type":"WebPage","@id":"http:\/\/www.avberkayakdag.com\/?page_id=319","url":"http:\/\/www.avberkayakdag.com\/?page_id=319","name":"Hakk\u0131m\u0131zda - AVUKAT BERKAY AKDA\u011e","isPartOf":{"@id":"http:\/\/www.avberkayakdag.com\/#website"},"datePublished":"2021-09-29T13:14:04+00:00","dateModified":"2026-01-12T18:47:34+00:00","breadcrumb":{"@id":"http:\/\/www.avberkayakdag.com\/?page_id=319#breadcrumb"},"inLanguage":"tr","potentialAction":[{"@type":"ReadAction","target":["http:\/\/www.avberkayakdag.com\/?page_id=319"]}]},{"@type":"BreadcrumbList","@id":"http:\/\/www.avberkayakdag.com\/?page_id=319#breadcrumb","itemListElement":[{"@type":"ListItem","position":1,"name":"Anasayfa","item":"http:\/\/www.avberkayakdag.com\/"},{"@type":"ListItem","position":2,"name":"Hakk\u0131m\u0131zda"}]},{"@type":"WebSite","@id":"http:\/\/www.avberkayakdag.com\/#website","url":"http:\/\/www.avberkayakdag.com\/","name":"AV. BERKAY AKDA\u011e","description":"Hukuk Blogu","publisher":{"@id":"http:\/\/www.avberkayakdag.com\/#\/schema\/person\/e791060ac64a3d64847d72cda5fdb3c3"},"potentialAction":[{"@type":"SearchAction","target":{"@type":"EntryPoint","urlTemplate":"http:\/\/www.avberkayakdag.com\/?s={search_term_string}"},"query-input":"required name=search_term_string"}],"inLanguage":"tr"},{"@type":["Person","Organization"],"@id":"http:\/\/www.avberkayakdag.com\/#\/schema\/person\/e791060ac64a3d64847d72cda5fdb3c3","name":"AV.BERKAY AKDA\u011e","image":{"@type":"ImageObject","inLanguage":"tr","@id":"http:\/\/www.avberkayakdag.com\/#\/schema\/person\/image\/","url":"https:\/\/secure.gravatar.com\/avatar\/688e21c4876849871696ec06992af7bba38ba6d0e631e66525100c33195e81c2?s=96&d=mm&r=g","contentUrl":"https:\/\/secure.gravatar.com\/avatar\/688e21c4876849871696ec06992af7bba38ba6d0e631e66525100c33195e81c2?s=96&d=mm&r=g","caption":"AV.BERKAY AKDA\u011e"},"logo":{"@id":"http:\/\/www.avberkayakdag.com\/#\/schema\/person\/image\/"},"sameAs":["http:\/\/www.avberkayakdag.com"]}]}},"_links":{"self":[{"href":"http:\/\/www.avberkayakdag.com\/index.php?rest_route=\/wp\/v2\/pages\/319","targetHints":{"allow":["GET"]}}],"collection":[{"href":"http:\/\/www.avberkayakdag.com\/index.php?rest_route=\/wp\/v2\/pages"}],"about":[{"href":"http:\/\/www.avberkayakdag.com\/index.php?rest_route=\/wp\/v2\/types\/page"}],"author":[{"embeddable":true,"href":"http:\/\/www.avberkayakdag.com\/index.php?rest_route=\/wp\/v2\/users\/1"}],"replies":[{"embeddable":true,"href":"http:\/\/www.avberkayakdag.com\/index.php?rest_route=%2Fwp%2Fv2%2Fcomments&post=319"}],"version-history":[{"count":9,"href":"http:\/\/www.avberkayakdag.com\/index.php?rest_route=\/wp\/v2\/pages\/319\/revisions"}],"predecessor-version":[{"id":1379,"href":"http:\/\/www.avberkayakdag.com\/index.php?rest_route=\/wp\/v2\/pages\/319\/revisions\/1379"}],"wp:attachment":[{"href":"http:\/\/www.avberkayakdag.com\/index.php?rest_route=%2Fwp%2Fv2%2Fmedia&parent=319"}],"curies":[{"name":"wp","href":"https:\/\/api.w.org\/{rel}","templated":true}]}}